{"id":1568,"date":"2026-04-08T21:16:08","date_gmt":"2026-04-08T19:16:08","guid":{"rendered":"https:\/\/www.smob.ch\/en\/?page_id=1568"},"modified":"2026-04-11T10:40:06","modified_gmt":"2026-04-11T08:40:06","slug":"nutrition-physical-activity","status":"publish","type":"page","link":"https:\/\/www.smob.ch\/en\/nutrition-physical-activity\/","title":{"rendered":"Nutrition &amp; Physical Activity"},"content":{"rendered":"\n<h3 class=\"wp-block-heading marginBottm5px has-text-color has-link-color wp-elements-75a354e8a56ad06383c8a001a1e1b812\" style=\"color:#1b75bc;font-style:normal;font-weight:400\">Nutrition Therapy in Obesity<\/h3>\n\n\n\n<p>Obesity is a chronic disease that requires long-term, individualized, and interdisciplinary treatment. It cannot be cured, but it can be treated effectively. Nutrition therapy is based on current scientific evidence as well as established clinical practice.<br>&nbsp;<br>Dietitians support people with overweight and obesity in a holistic, respectful, and empathetic way. We consider the complex biopsychosocial nature of the disease, promote self-care, and actively work to reduce stigma. The health and well-being of individuals are at the center of our work.<\/p>\n\n\n\n<h3 class=\"wp-block-heading marginBottm5px has-text-color has-link-color wp-elements-3540eddd24f6e800f044ee03017ffe14\" style=\"color:#1b75bc;font-style:normal;font-weight:400\">Role of Nutrition Therapy<\/h3>\n\n\n\n<p>Nutrition therapy supports people over the long term in making changes to eating and health behaviors. The aim is to help develop habits that sustainably improve health, functional ability, and quality of life. In this process, we strengthen nutrition competence, support the development of helpful daily routines, and help individuals recognize and use their personal resources.<br>&nbsp;<br>Treatment outcomes are not assessed primarily by body weight, but by multidimensional outcomes such as quality of life, physical and mental health, functional ability in daily life, and a health-promoting relationship with food.<\/p>\n\n\n\n<h3 class=\"wp-block-heading marginBottm5px has-text-color has-link-color wp-elements-69c33bea9ebc6c0161fa1572b5320319\" style=\"color:#1b75bc;font-style:normal;font-weight:400\">Interprofessional Care<\/h3>\n\n\n\n<p>Nutrition therapy is a key component of interprofessional obesity treatment. It can take place in different therapeutic contexts\u2014both without and in combination with pharmacological or surgical treatments.<br>&nbsp;<br>Our work is based on a respectful, evidence-based, and best-practice approach. It includes behavioral methods as well as nutritional physiology and nutrition psychology interventions, and it takes place in close collaboration with other health professionals.<br>&nbsp;<br>Through continuous professional education and training, we ensure that our approaches remain up to date and can be adapted to individual needs. The goal is to support sustainable change processes and measurable improvements in health and quality of life\u2014beyond changes in body weight.<\/p>\n\n\n\n<h3 class=\"wp-block-heading marginBottm5px has-text-color has-link-color wp-elements-3f11c72e0f2fe6c7d5bb620e3714c6af\" style=\"color:#1b75bc;font-style:normal;font-weight:400\">Vision<\/h3>\n\n\n\n<p>We advocate for obesity to be recognized in society as a disease that can be treated. All people affected should have access to quality-assured, interprofessional treatment options.<\/p>\n\n\n\n<h3 class=\"wp-block-heading marginBottm5px has-text-color has-link-color wp-elements-a3b64e053c9f253b971f6d428867c1dd\" style=\"color:#1b75bc;font-style:normal;font-weight:400\">Contact Specialized Dietician Groups Obesity <br>and Bariatric Surgery SVDE ASDD<\/h3>\n\n\n\n<div style=\"height:30px\" aria-hidden=\"true\" class=\"wp-block-spacer\"><\/div>\n\n\n\n<div class=\"wp-block-columns is-layout-flex wp-container-core-columns-is-layout-9d6595d7 wp-block-columns-is-layout-flex\">\n<div class=\"wp-block-column is-layout-flow wp-block-column-is-layout-flow\">\n<figure class=\"wp-block-image size-medium\"><img loading=\"lazy\" decoding=\"async\" width=\"300\" height=\"49\" src=\"https:\/\/www.smob.ch\/en\/wp-content\/uploads\/2026\/04\/FG-Adipositas_S36-300x49.png\" alt=\"Fachgruppe Deutschschweitz: Adipositas\" class=\"wp-image-1587\" srcset=\"https:\/\/www.smob.ch\/en\/wp-content\/uploads\/2026\/04\/FG-Adipositas_S36-300x49.png 300w, https:\/\/www.smob.ch\/en\/wp-content\/uploads\/2026\/04\/FG-Adipositas_S36-1024x167.png 1024w, https:\/\/www.smob.ch\/en\/wp-content\/uploads\/2026\/04\/FG-Adipositas_S36-768x125.png 768w, https:\/\/www.smob.ch\/en\/wp-content\/uploads\/2026\/04\/FG-Adipositas_S36-980x160.png 980w, https:\/\/www.smob.ch\/en\/wp-content\/uploads\/2026\/04\/FG-Adipositas_S36-970x158.png 970w, https:\/\/www.smob.ch\/en\/wp-content\/uploads\/2026\/04\/FG-Adipositas_S36-428x70.png 428w, https:\/\/www.smob.ch\/en\/wp-content\/uploads\/2026\/04\/FG-Adipositas_S36.png 1031w\" sizes=\"auto, (max-width: 300px) 100vw, 300px\" \/><\/figure>\n\n\n\n<p>Caroline Heuberger<br>chemin de primerose 39<br>1007 Lausanne<br>T\u00e9l : +41 78 929 23 56<br><a href=\"mailto:caroline.heuberger@bfh.ch\">caroline.heuberger@bfh.ch<\/a><br><br>Natalie Bez<br>Stadthausstrasse 1<br>6003 Luzern<br>T\u00e9l : +41 76 390 68 70<br><a href=\"mailto:natalie.bez@bfh.ch\">natalie.bez@bfh.ch<\/a><\/p>\n<\/div>\n\n\n\n<div class=\"wp-block-column is-layout-flow wp-block-column-is-layout-flow\">\n<figure class=\"wp-block-image size-medium\"><img loading=\"lazy\" decoding=\"async\" width=\"300\" height=\"49\" src=\"https:\/\/www.smob.ch\/en\/wp-content\/uploads\/2026\/04\/FG-Bariatrische-Chirurgie_auf-Schwarz-300x49.png\" alt=\"Fachgruppe Deutschschweitz: Bariatrische Chirurgie\" class=\"wp-image-1588\" srcset=\"https:\/\/www.smob.ch\/en\/wp-content\/uploads\/2026\/04\/FG-Bariatrische-Chirurgie_auf-Schwarz-300x49.png 300w, https:\/\/www.smob.ch\/en\/wp-content\/uploads\/2026\/04\/FG-Bariatrische-Chirurgie_auf-Schwarz-1024x167.png 1024w, https:\/\/www.smob.ch\/en\/wp-content\/uploads\/2026\/04\/FG-Bariatrische-Chirurgie_auf-Schwarz-768x125.png 768w, https:\/\/www.smob.ch\/en\/wp-content\/uploads\/2026\/04\/FG-Bariatrische-Chirurgie_auf-Schwarz-980x160.png 980w, https:\/\/www.smob.ch\/en\/wp-content\/uploads\/2026\/04\/FG-Bariatrische-Chirurgie_auf-Schwarz-970x158.png 970w, https:\/\/www.smob.ch\/en\/wp-content\/uploads\/2026\/04\/FG-Bariatrische-Chirurgie_auf-Schwarz-428x70.png 428w, https:\/\/www.smob.ch\/en\/wp-content\/uploads\/2026\/04\/FG-Bariatrische-Chirurgie_auf-Schwarz.png 1029w\" sizes=\"auto, (max-width: 300px) 100vw, 300px\" \/><\/figure>\n\n\n\n<p>Noela Vontobel<br>Universit\u00e4tsspital Z\u00fcrich<br>Departement Pflege und MTTB<br>R\u00e4mistrasse 100<br>8091 Z\u00fcrich<br>T\u00e9l : +41 44 255 35 09<br><a href=\"mailto:noela.vontobel@usz.ch\">noela.vontobel@usz.ch<\/a><\/p>\n<\/div>\n<\/div>\n\n\n\n<figure class=\"wp-block-image size-medium\"><img loading=\"lazy\" decoding=\"async\" width=\"300\" height=\"52\" src=\"https:\/\/www.smob.ch\/en\/wp-content\/uploads\/2026\/04\/GS-Chirurgie-Bariatrique-300x52.png\" alt=\"Groupe sp\u00e9cialis\u00e9 romand: Chirurgie Bariatrique\" class=\"wp-image-1589\" srcset=\"https:\/\/www.smob.ch\/en\/wp-content\/uploads\/2026\/04\/GS-Chirurgie-Bariatrique-300x52.png 300w, https:\/\/www.smob.ch\/en\/wp-content\/uploads\/2026\/04\/GS-Chirurgie-Bariatrique-768x132.png 768w, https:\/\/www.smob.ch\/en\/wp-content\/uploads\/2026\/04\/GS-Chirurgie-Bariatrique-970x167.png 970w, https:\/\/www.smob.ch\/en\/wp-content\/uploads\/2026\/04\/GS-Chirurgie-Bariatrique-428x74.png 428w, https:\/\/www.smob.ch\/en\/wp-content\/uploads\/2026\/04\/GS-Chirurgie-Bariatrique.png 977w\" sizes=\"auto, (max-width: 300px) 100vw, 300px\" \/><\/figure>\n\n\n\n<p>Martine Benoit<br>H\u00f4pital Intercantonal de la Broye<br>Av. de la Colline 3<br>1530 Payerne<br>T\u00e9l : +41 26 662 86 85<br><a href=\"mailto:martine.benoit@hibroye.ch\">martine.benoit@hibroye.ch<\/a><br><br>V\u00e9ronique Di Vetta<br>CHUV \u2013 Consultation d\u2019ob\u00e9sit\u00e9<br>Rue St-Martin 3<br>1003 Lausanne<br>T\u00e9l : +41 21 314 45 20<br><a href=\"mailto:veronique.divetta@chuv.ch\">veronique.divetta@chuv.ch<\/a><\/p>\n\n\n\n<p>Below you can download some PDFs with very useful nutrition recommendations<\/p>\n\n\n\n\r\n<!--  Starting Simple Link Directory Plugin Output -->\r\n<div class=\"qcld-main-container-style-simple\"><div class=\"qcopd-list-wrapper\" >\r\n\t<div id=\"opd-list-holder\" class=\"qc-grid qcopd-list-holder\">\r\n\t\t\r\n\t\t<!-- Individual List Item -->\r\n\t\t<div id=\"list-item-1-1572\" class=\"qc-grid-item qcopd-list-column opd-column-1 simple opd-list-id-1572\">\r\n\t\t\t<div class=\"qcopd-single-list\">\r\n\t\t\t\t\r\n\t\t\t\t<h2>\r\n\t\t\t\t\tNutrition recommendations\t\t\t\t<\/h2>\r\n\t\t\t\t<ul>\r\n\t\t\t\t\t\r\n\t\t\t\t\t<li id=\"item-1572-1\" style=\"background:#ffffff\">\r\n\t\t\t\t\t\t\t\t\t\t\t\t<!-- List Anchor -->\r\n\t\t\t\t\t\t<a   href=\"https:\/\/www.smob.ch\/en\/wp-content\/uploads\/2026\/04\/Guidelines-for-Pregnancy-After-Bariatric-Surgery.pdf\"\r\n\t\t\t\t\t\t\ttarget=\"_blank\">\r\n\r\n\t\t\t\t\t\t\t<!-- Image, If Present -->\r\n\t\t\t\t\t\t\t\t\t\t\t\t\t\t\t<span class=\"list-img\">\r\n\t\t\t\t\t\t\t\t\t\t\t\t\t\t\t\t\t\t<img decoding=\"async\" src=\"https:\/\/www.smob.ch\/en\/wp-content\/uploads\/2024\/04\/icons8-pdf-48.png\" alt=\"Guidelines for Pregnancy After Bariatric Surgery\">\r\n\t\t\t\t\t\t\t\t<\/span>\r\n\t\t\t\t\t\t\t\r\n\t\t\t\t\t\t\t<!-- Link Text -->\r\n\t\t\t\t\t\t\tGuidelines for Pregnancy After Bariatric Surgery\r\n\t\t\t\t\t\t<\/a>\r\n\t\t\t\t\t\t\t\t\t\t\t\t\r\n\t\t\t\t\t<\/li>\r\n\t\t\t\t\t\r\n\t\t\t\t\t<li id=\"item-1572-2\" style=\"background:#ffffff\">\r\n\t\t\t\t\t\t\t\t\t\t\t\t<!-- List Anchor -->\r\n\t\t\t\t\t\t<a   href=\"https:\/\/www.smob.ch\/en\/wp-content\/uploads\/2026\/04\/Eastern-Nutrition-Bariatrics-Cultural-Perspectives.pdf\"\r\n\t\t\t\t\t\t\ttarget=\"_blank\">\r\n\r\n\t\t\t\t\t\t\t<!-- Image, If Present -->\r\n\t\t\t\t\t\t\t\t\t\t\t\t\t\t\t<span class=\"list-img\">\r\n\t\t\t\t\t\t\t\t\t\t\t\t\t\t\t\t\t\t<img decoding=\"async\" src=\"https:\/\/www.smob.ch\/en\/wp-content\/uploads\/2024\/04\/icons8-pdf-48.png\" alt=\"Eastern Nutrition &amp; Bariatrics - Cultural Perspectives\">\r\n\t\t\t\t\t\t\t\t<\/span>\r\n\t\t\t\t\t\t\t\r\n\t\t\t\t\t\t\t<!-- Link Text -->\r\n\t\t\t\t\t\t\tEastern Nutrition &amp; Bariatrics - Cultural Perspectives\r\n\t\t\t\t\t\t<\/a>\r\n\t\t\t\t\t\t\t\t\t\t\t\t\r\n\t\t\t\t\t<\/li>\r\n\t\t\t\t\t\r\n\t\t\t\t\t<li id=\"item-1572-3\" style=\"background:#ffffff\">\r\n\t\t\t\t\t\t\t\t\t\t\t\t<!-- List Anchor -->\r\n\t\t\t\t\t\t<a   href=\"https:\/\/www.smob.ch\/en\/wp-content\/uploads\/2026\/04\/Alcohol-And-Bariatric-Surgery-English-Translation.pdf\"\r\n\t\t\t\t\t\t\ttarget=\"_blank\">\r\n\r\n\t\t\t\t\t\t\t<!-- Image, If Present -->\r\n\t\t\t\t\t\t\t\t\t\t\t\t\t\t\t<span class=\"list-img\">\r\n\t\t\t\t\t\t\t\t\t\t\t\t\t\t\t\t\t\t<img decoding=\"async\" src=\"https:\/\/www.smob.ch\/en\/wp-content\/uploads\/2024\/04\/icons8-pdf-48.png\" alt=\"Alcohol And Bariatric Surgery - English Translation\">\r\n\t\t\t\t\t\t\t\t<\/span>\r\n\t\t\t\t\t\t\t\r\n\t\t\t\t\t\t\t<!-- Link Text -->\r\n\t\t\t\t\t\t\tAlcohol And Bariatric Surgery - English Translation\r\n\t\t\t\t\t\t<\/a>\r\n\t\t\t\t\t\t\t\t\t\t\t\t\r\n\t\t\t\t\t<\/li>\r\n\t\t\t\t\t\t\t\t\t<\/ul>\r\n\r\n\t\t\t<\/div>\r\n\r\n\t\t<\/div>\r\n\t\t<!-- \/Individual List Item -->\r\n\r\n\t\t\r\n\t\t<div class=\"sld-clearfix\"><\/div>\r\n\t\t\t<\/div>\r\n\t\t<div class=\"sld-clearfix\"><\/div>\r\n\t<\/div><\/div>\n","protected":false},"excerpt":{"rendered":"<p>Nutrition Therapy in Obesity Obesity is a chronic disease that requires long-term, individualized, and interdisciplinary treatment. It cannot be cured, but it can be treated effectively. Nutrition therapy is based on current scientific evidence as well as established clinical practice.&nbsp;Dietitians support people with overweight and obesity in a holistic, respectful, and empathetic way. We consider [&hellip;]<\/p>\n","protected":false},"author":1,"featured_media":755,"parent":0,"menu_order":0,"comment_status":"closed","ping_status":"closed","template":"template-mit-sidebar-1-cs.php","meta":{"_coblocks_attr":"","_coblocks_dimensions":"","_coblocks_responsive_height":"","_coblocks_accordion_ie_support":"","inline_featured_image":false,"footnotes":""},"class_list":["post-1568","page","type-page","status-publish","has-post-thumbnail","hentry","clearfix"],"_links":{"self":[{"href":"https:\/\/www.smob.ch\/en\/wp-json\/wp\/v2\/pages\/1568","targetHints":{"allow":["GET"]}}],"collection":[{"href":"https:\/\/www.smob.ch\/en\/wp-json\/wp\/v2\/pages"}],"about":[{"href":"https:\/\/www.smob.ch\/en\/wp-json\/wp\/v2\/types\/page"}],"author":[{"embeddable":true,"href":"https:\/\/www.smob.ch\/en\/wp-json\/wp\/v2\/users\/1"}],"replies":[{"embeddable":true,"href":"https:\/\/www.smob.ch\/en\/wp-json\/wp\/v2\/comments?post=1568"}],"version-history":[{"count":14,"href":"https:\/\/www.smob.ch\/en\/wp-json\/wp\/v2\/pages\/1568\/revisions"}],"predecessor-version":[{"id":1599,"href":"https:\/\/www.smob.ch\/en\/wp-json\/wp\/v2\/pages\/1568\/revisions\/1599"}],"wp:featuredmedia":[{"embeddable":true,"href":"https:\/\/www.smob.ch\/en\/wp-json\/wp\/v2\/media\/755"}],"wp:attachment":[{"href":"https:\/\/www.smob.ch\/en\/wp-json\/wp\/v2\/media?parent=1568"}],"curies":[{"name":"wp","href":"https:\/\/api.w.org\/{rel}","templated":true}]}}