{"id":266,"date":"2012-09-24T09:05:33","date_gmt":"2012-09-24T09:05:33","guid":{"rendered":"http:\/\/healthpress.inspirythemes.com\/?page_id=6"},"modified":"2026-01-14T13:16:41","modified_gmt":"2026-01-14T12:16:41","slug":"home","status":"publish","type":"page","link":"https:\/\/www.smob.ch\/fr\/","title":{"rendered":"Accueil (home)"},"content":{"rendered":"\n<h2 class=\"wp-block-heading\">Bienvenue sur le site de la Swiss Multidisciplinary Obesity Society (SMOB)<\/h2>\n\n\n\n<div style=\"height:20px\" aria-hidden=\"true\" class=\"wp-block-spacer\"><\/div>\n\n\n\n<p>Au sein de la SMOB, nous nous int\u00e9ressons de pr\u00e8s au probl\u00e8me de l&rsquo;ob\u00e9sit\u00e9 depuis 1996, jouant ainsi un r\u00f4le de pionnier non seulement en Suisse, mais aussi \u00e0 l&rsquo;\u00e9chelle internationale.<\/p>\n\n\n\n<p>Nos membres, une association de professionnels de la sant\u00e9 sp\u00e9cialis\u00e9s \u00e0 l\u2019ob\u00e9sit\u00e9, travaillent en \u00e9troite collaboration pour am\u00e9liorer sa compr\u00e9hension et son traitement.<\/p>\n\n\n\n<p>La pr\u00e9valence de l&rsquo;ob\u00e9sit\u00e9 atteint un niveau alarmant, environ 11% des adultes en Suisse en sont d\u00e9j\u00e0 atteintes. Cette maladie affecte non seulement la sant\u00e9, mais aussi la vie sociale et l&rsquo;estime de soi des personnes atteintes.<\/p>\n\n\n\n<p><strong>Notre objectif principal est d&rsquo;informer et de promouvoir des approches th\u00e9rapeutiques reposant sur des bases scientifiques.<\/strong><\/p>\n\n\n\n<p>Nos directives, en vigueur depuis 2011 et r\u00e9guli\u00e8rement mises \u00e0 jour, constituent un document r\u00e9glementaire essentiel pour les soins m\u00e9dicaux contre l&rsquo;ob\u00e9sit\u00e9 en Suisse.<\/p>\n\n\n\n<p>Nous valorisons particuli\u00e8rement les \u00e9changes avec nos membres, et vous invitons cordialement \u00e0 nous contacter et \u00e0 travailler ensemble sur des solutions.<\/p>\n\n\n\n<pre class=\"wp-block-preformatted has-text-color has-background has-link-color wp-elements-ccb178e6e1618041fa138119e40d17e7\" style=\"color:#edeff1;background-color:#2a7cbf\"><strong>R\u00c9SERVEZ LA DATE\u202f!<\/strong> <br>La r\u00e9union annuelle du SMOB aura lieu le 15 novembre 2024 \u00e0 Berne.<br><a href=\"https:\/\/www.smob.ch\/fr\/dates\/\" data-type=\"page\" data-id=\"1125\">plus d'informations &gt;&gt;<\/a><\/pre>\n\n\n\n<div style=\"height:25px\" aria-hidden=\"true\" class=\"wp-block-spacer\"><\/div>\n\n\n\n<h2 class=\"wp-block-heading has-text-color has-link-color wp-elements-efcd685e9b856f9791b7918fcc40e889\" style=\"color:#1b75bc;font-style:normal;font-weight:300\">Nos messages actuels<\/h2>\n\n\n\n<div style=\"height:20px\" aria-hidden=\"true\" class=\"wp-block-spacer\"><\/div>\n\n\n\n<div class=\"wp-block-columns is-layout-flex wp-container-core-columns-is-layout-9d6595d7 wp-block-columns-is-layout-flex\">\n<div class=\"wp-block-column is-layout-flow wp-block-column-is-layout-flow\">\n<figure class=\"wp-block-image size-full bild01\"><a class=\"\" href=\"#\"><img loading=\"lazy\" decoding=\"async\" width=\"312\" height=\"208\" src=\"https:\/\/www.smob.ch\/fr\/wp-content\/uploads\/2024\/04\/Bild1.jpg\" alt=\"\" class=\"wp-image-1073\" srcset=\"https:\/\/www.smob.ch\/fr\/wp-content\/uploads\/2024\/04\/Bild1.jpg 312w, https:\/\/www.smob.ch\/fr\/wp-content\/uploads\/2024\/04\/Bild1-300x200.jpg 300w\" sizes=\"auto, (max-width: 312px) 100vw, 312px\" \/><\/a><\/figure>\n\n\n\n<h4 class=\"wp-block-heading marginBottm5px\"><a href=\"https:\/\/www.smob.ch\/fr\/statuts-de-la-smob\/\" data-type=\"page\" data-id=\"514\">Statuts de la SMOB<\/a><\/h4>\n\n\n\n<p>Les statuts constituent la base de l&rsquo;organisation d&rsquo;une association. Vous pouvez retrouver les statuts de la SMOB dans cet article<\/p>\n<\/div>\n\n\n\n<div class=\"wp-block-column is-layout-flow wp-block-column-is-layout-flow\">\n<figure class=\"wp-block-image size-full bild01\"><a href=\"https:\/\/www.smob.ch\/fr\/mitglied-werden\/\"><img loading=\"lazy\" decoding=\"async\" width=\"312\" height=\"208\" src=\"https:\/\/www.smob.ch\/fr\/wp-content\/uploads\/2024\/04\/Bild2.jpg\" alt=\"\" class=\"wp-image-1074\" srcset=\"https:\/\/www.smob.ch\/fr\/wp-content\/uploads\/2024\/04\/Bild2.jpg 312w, https:\/\/www.smob.ch\/fr\/wp-content\/uploads\/2024\/04\/Bild2-300x200.jpg 300w\" sizes=\"auto, (max-width: 312px) 100vw, 312px\" \/><\/a><\/figure>\n\n\n\n<h4 class=\"wp-block-heading marginBottm5px\"><a href=\"https:\/\/www.smob.ch\/fr\/devenir-membre\/\" data-type=\"page\" data-id=\"743\">Devenir membre<\/a><\/h4>\n\n\n\n<p>Depuis 1996, nous nous engageons dans la recherche sur l\u2019ob\u00e9sit\u00e9 et les troubles m\u00e9taboliques et travaillons sans rel\u00e2che pour am\u00e9liorer la compr\u00e9hension et le traitement de cette maladie chronique.<\/p>\n<\/div>\n\n\n\n<div class=\"wp-block-column is-layout-flow wp-block-column-is-layout-flow\">\n<figure class=\"wp-block-image size-full bild01\"><a href=\"https:\/\/www.smob.ch\/fr\/anerkannte-zentren\/\"><img loading=\"lazy\" decoding=\"async\" width=\"260\" height=\"173\" src=\"https:\/\/www.smob.ch\/fr\/wp-content\/uploads\/2024\/04\/Bild3-edited-1.jpg\" alt=\"\" class=\"wp-image-1077\"\/><\/a><\/figure>\n\n\n\n<h4 class=\"wp-block-heading marginBottm5px\"><a href=\"https:\/\/www.smob.ch\/fr\/centres-agrees\/\" data-type=\"page\" data-id=\"820\">Centres agr\u00e9\u00e9s<\/a><\/h4>\n\n\n\n<p>Vous pouvez trouver une liste des centres reconnus ici<\/p>\n<\/div>\n<\/div>\n","protected":false},"excerpt":{"rendered":"<p>Bienvenue sur le site de la Swiss Multidisciplinary Obesity Society (SMOB) Au sein de la SMOB, nous nous int\u00e9ressons de pr\u00e8s au probl\u00e8me de l&rsquo;ob\u00e9sit\u00e9 depuis 1996, jouant ainsi un r\u00f4le de pionnier non seulement en Suisse, mais aussi \u00e0 l&rsquo;\u00e9chelle internationale. Nos membres, une association de professionnels de la sant\u00e9 sp\u00e9cialis\u00e9s \u00e0 l\u2019ob\u00e9sit\u00e9, travaillent [&hellip;]<\/p>\n","protected":false},"author":1,"featured_media":0,"parent":0,"menu_order":0,"comment_status":"closed","ping_status":"closed","template":"template_mit-sidebar-2-cs.php","meta":{"_coblocks_attr":"","_coblocks_dimensions":"","_coblocks_responsive_height":"","_coblocks_accordion_ie_support":"","inline_featured_image":false,"footnotes":""},"class_list":["post-266","page","type-page","status-publish","hentry","clearfix"],"_links":{"self":[{"href":"https:\/\/www.smob.ch\/fr\/wp-json\/wp\/v2\/pages\/266","targetHints":{"allow":["GET"]}}],"collection":[{"href":"https:\/\/www.smob.ch\/fr\/wp-json\/wp\/v2\/pages"}],"about":[{"href":"https:\/\/www.smob.ch\/fr\/wp-json\/wp\/v2\/types\/page"}],"author":[{"embeddable":true,"href":"https:\/\/www.smob.ch\/fr\/wp-json\/wp\/v2\/users\/1"}],"replies":[{"embeddable":true,"href":"https:\/\/www.smob.ch\/fr\/wp-json\/wp\/v2\/comments?post=266"}],"version-history":[{"count":66,"href":"https:\/\/www.smob.ch\/fr\/wp-json\/wp\/v2\/pages\/266\/revisions"}],"predecessor-version":[{"id":1486,"href":"https:\/\/www.smob.ch\/fr\/wp-json\/wp\/v2\/pages\/266\/revisions\/1486"}],"wp:attachment":[{"href":"https:\/\/www.smob.ch\/fr\/wp-json\/wp\/v2\/media?parent=266"}],"curies":[{"name":"wp","href":"https:\/\/api.w.org\/{rel}","templated":true}]}}